{"id":6556,"date":"2016-10-30T11:35:34","date_gmt":"2016-10-30T10:35:34","guid":{"rendered":"https:\/\/exklusive-fahrzeuge.com\/?page_id=6556"},"modified":"2025-02-12T22:47:20","modified_gmt":"2025-02-12T21:47:20","slug":"pie-de-imprenta","status":"publish","type":"page","link":"https:\/\/exklusive-fahrzeuge.com\/es\/pie-de-imprenta","title":{"rendered":"Pie de imprenta"},"content":{"rendered":"<p>[et_pb_section fb_built=\u00bb1&#8243; admin_label=\u00bbsection\u00bb _builder_version=\u00bb4.16&#8243; background_color=\u00bb#0d0d0d\u00bb global_colors_info=\u00bb{}\u00bb][et_pb_row admin_label=\u00bbrow\u00bb _builder_version=\u00bb4.16&#8243; background_size=\u00bbinitial\u00bb background_position=\u00bbtop_left\u00bb background_repeat=\u00bbrepeat\u00bb width=\u00bb100%\u00bb max_width=\u00bb90%\u00bb global_colors_info=\u00bb{}\u00bb][et_pb_column type=\u00bb4_4&#8243; _builder_version=\u00bb4.16&#8243; custom_padding=\u00bb|||\u00bb global_colors_info=\u00bb{}\u00bb custom_padding__hover=\u00bb|||\u00bb][et_pb_text _builder_version=\u00bb4.27.0&#8243; _module_preset=\u00bbdefault\u00bb header_font=\u00bbUnna-Bold|700|||||||\u00bb header_text_align=\u00bbleft\u00bb header_text_color=\u00bb#d9dbe7&#8243; header_font_size=\u00bb60px\u00bb custom_margin=\u00bb||1%||false|false\u00bb custom_padding=\u00bb||||false|false\u00bb header_font_size_tablet=\u00bb55px\u00bb header_font_size_phone=\u00bb35px\u00bb header_font_size_last_edited=\u00bbon|phone\u00bb locked=\u00bboff\u00bb global_colors_info=\u00bb{}\u00bb]<\/p>\n<h1>Pie de imprenta<\/h1>\n<p>[\/et_pb_text][et_pb_text _builder_version=\u00bb4.27.0&#8243; _module_preset=\u00bbdefault\u00bb header_2_font=\u00bbFigtree-SemiBold|500|||||||\u00bb header_2_text_align=\u00bbleft\u00bb header_2_text_color=\u00bb#C8A032&#8243; header_2_font_size=\u00bb38px\u00bb custom_margin=\u00bb||1%||false|false\u00bb header_2_text_align_tablet=\u00bbcenter\u00bb header_2_text_align_phone=\u00bbcenter\u00bb header_2_text_align_last_edited=\u00bbon|phone\u00bb header_2_font_size_tablet=\u00bb35px\u00bb header_2_font_size_phone=\u00bb22px\u00bb header_2_font_size_last_edited=\u00bbon|phone\u00bb locked=\u00bboff\u00bb global_colors_info=\u00bb{}\u00bb]<\/p>\n<h2>Informaci\u00f3n seg\u00fan \u00a7 5 TMG:<\/h2>\n<p>[\/et_pb_text][et_pb_text _builder_version=\u00bb4.27.4&#8243; _module_preset=\u00bbdefault\u00bb text_font=\u00bbFigtree-Regular||||||||\u00bb text_text_color=\u00bb#D9DBE7&#8243; text_font_size=\u00bb22px\u00bb text_line_height=\u00bb1.4em\u00bb custom_margin=\u00bb||||false|false\u00bb custom_margin_tablet=\u00bb||5vw||false|false\u00bb custom_margin_phone=\u00bb||||false|false\u00bb custom_margin_last_edited=\u00bbon|phone\u00bb hover_enabled=\u00bb0&#8243; text_font_size_tablet=\u00bb22px\u00bb text_font_size_phone=\u00bb18px\u00bb text_font_size_last_edited=\u00bbon|phone\u00bb locked=\u00bboff\u00bb global_colors_info=\u00bb{}\u00bb sticky_enabled=\u00bb0&#8243;]<\/p>\n<p>WERTVOLL<br \/>Michael Albrecht<br \/>Leisewitzstra\u00dfe 10<br \/>38114 Braunschweig<\/p>\n<p>[\/et_pb_text][et_pb_text _builder_version=\u00bb4.27.0&#8243; _module_preset=\u00bbdefault\u00bb header_3_font=\u00bbFigtree-Medium|500|||||||\u00bb header_3_text_color=\u00bb#C8A032&#8243; header_3_font_size=\u00bb24px\u00bb custom_padding=\u00bb||||false|false\u00bb header_3_font_size_tablet=\u00bb24px\u00bb header_3_font_size_phone=\u00bb20px\u00bb header_3_font_size_last_edited=\u00bbon|phone\u00bb locked=\u00bboff\u00bb global_colors_info=\u00bb{}\u00bb]<\/p>\n<h3>Representado por:<\/h3>\n<p>[\/et_pb_text][et_pb_text _builder_version=\u00bb4.24.2&#8243; _module_preset=\u00bbdefault\u00bb text_font=\u00bbFigtree-Regular||||||||\u00bb text_text_color=\u00bb#D9DBE7&#8243; text_font_size=\u00bb22px\u00bb text_line_height=\u00bb1.4em\u00bb custom_margin=\u00bb||||false|false\u00bb custom_margin_tablet=\u00bb||5vw||false|false\u00bb custom_margin_phone=\u00bb||||false|false\u00bb custom_margin_last_edited=\u00bbon|phone\u00bb text_font_size_tablet=\u00bb22px\u00bb text_font_size_phone=\u00bb18px\u00bb text_font_size_last_edited=\u00bbon|phone\u00bb locked=\u00bboff\u00bb global_colors_info=\u00bb{}\u00bb]<\/p>\n<p>Michael Albrecht<\/p>\n<p>[\/et_pb_text][et_pb_text _builder_version=\u00bb4.27.0&#8243; _module_preset=\u00bbdefault\u00bb header_3_font=\u00bbFigtree-Medium|500|||||||\u00bb header_3_text_color=\u00bb#C8A032&#8243; header_3_font_size=\u00bb24px\u00bb custom_padding=\u00bb||||false|false\u00bb header_3_font_size_tablet=\u00bb24px\u00bb header_3_font_size_phone=\u00bb20px\u00bb header_3_font_size_last_edited=\u00bbon|phone\u00bb locked=\u00bboff\u00bb global_colors_info=\u00bb{}\u00bb]<\/p>\n<h3>P\u00f3ngase en contacto con nosotros:<\/h3>\n<p>[\/et_pb_text][et_pb_text _builder_version=\u00bb4.27.0&#8243; _module_preset=\u00bbdefault\u00bb text_font=\u00bbFigtree-Regular||||||||\u00bb text_text_color=\u00bb#D9DBE7&#8243; text_font_size=\u00bb22px\u00bb text_line_height=\u00bb1.4em\u00bb custom_margin=\u00bb||||false|false\u00bb custom_margin_tablet=\u00bb||5vw||false|false\u00bb custom_margin_phone=\u00bb||||false|false\u00bb custom_margin_last_edited=\u00bbon|phone\u00bb text_font_size_tablet=\u00bb22px\u00bb text_font_size_phone=\u00bb18px\u00bb text_font_size_last_edited=\u00bbon|phone\u00bb locked=\u00bboff\u00bb global_colors_info=\u00bb{}\u00bb]Tel\u00e9fono: 0179 \/ 3 45 54 85<br \/>\nCorreo electr\u00f3nico: m.albrecht@exklusive-fahrzeuge.com[\/et_pb_text][et_pb_text _builder_version=\u00bb4.27.0&#8243; _module_preset=\u00bbdefault\u00bb header_3_font=\u00bbFigtree-Medium|500|||||||\u00bb header_3_text_color=\u00bb#C8A032&#8243; header_3_font_size=\u00bb24px\u00bb custom_padding=\u00bb||||false|false\u00bb header_3_font_size_tablet=\u00bb24px\u00bb header_3_font_size_phone=\u00bb20px\u00bb header_3_font_size_last_edited=\u00bbon|phone\u00bb locked=\u00bboff\u00bb global_colors_info=\u00bb{}\u00bb]<\/p>\n<h3>Responsable del contenido seg\u00fan \u00a7 55 Abs. 2 RStV:<\/h3>\n<p>[\/et_pb_text][et_pb_text _builder_version=\u00bb4.27.4&#8243; _module_preset=\u00bbdefault\u00bb text_font=\u00bbFigtree-Regular||||||||\u00bb text_text_color=\u00bb#D9DBE7&#8243; text_font_size=\u00bb22px\u00bb text_line_height=\u00bb1.4em\u00bb custom_margin=\u00bb||||false|false\u00bb custom_margin_tablet=\u00bb||5vw||false|false\u00bb custom_margin_phone=\u00bb||||false|false\u00bb custom_margin_last_edited=\u00bbon|phone\u00bb hover_enabled=\u00bb0&#8243; text_font_size_tablet=\u00bb22px\u00bb text_font_size_phone=\u00bb18px\u00bb text_font_size_last_edited=\u00bbon|phone\u00bb locked=\u00bboff\u00bb global_colors_info=\u00bb{}\u00bb sticky_enabled=\u00bb0&#8243;]<\/p>\n<p>WERTVOLL<br \/>Michael Albrecht<br \/>Leisewitzstra\u00dfe 10<br \/>38114 Braunschweig<\/p>\n<p>[\/et_pb_text][et_pb_text _builder_version=\u00bb4.27.0&#8243; _module_preset=\u00bbdefault\u00bb header_3_font=\u00bbFigtree-Medium|500|||||||\u00bb header_3_text_color=\u00bb#C8A032&#8243; header_3_font_size=\u00bb24px\u00bb custom_padding=\u00bb||||false|false\u00bb header_3_font_size_tablet=\u00bb24px\u00bb header_3_font_size_phone=\u00bb20px\u00bb header_3_font_size_last_edited=\u00bbon|phone\u00bb locked=\u00bboff\u00bb global_colors_info=\u00bb{}\u00bb]<\/p>\n<h3>N\u00famero de identificaci\u00f3n fiscal:<\/h3>\n<p>[\/et_pb_text][et_pb_text _builder_version=\u00bb4.24.2&#8243; _module_preset=\u00bbdefault\u00bb text_font=\u00bbFigtree-Regular||||||||\u00bb text_text_color=\u00bb#D9DBE7&#8243; text_font_size=\u00bb22px\u00bb text_line_height=\u00bb1.4em\u00bb custom_margin=\u00bb||||false|false\u00bb custom_margin_tablet=\u00bb||5vw||false|false\u00bb custom_margin_phone=\u00bb||||false|false\u00bb custom_margin_last_edited=\u00bbon|phone\u00bb text_font_size_tablet=\u00bb22px\u00bb text_font_size_phone=\u00bb18px\u00bb text_font_size_last_edited=\u00bbon|phone\u00bb locked=\u00bboff\u00bb global_colors_info=\u00bb{}\u00bb]<\/p>\n<p>DE327185240<\/p>\n<p>[\/et_pb_text][et_pb_text _builder_version=\u00bb4.27.0&#8243; _module_preset=\u00bbdefault\u00bb header_3_font=\u00bbFigtree-Medium|500|||||||\u00bb header_3_text_color=\u00bb#C8A032&#8243; header_3_font_size=\u00bb24px\u00bb custom_padding=\u00bb||||false|false\u00bb header_3_font_size_tablet=\u00bb24px\u00bb header_3_font_size_phone=\u00bb20px\u00bb header_3_font_size_last_edited=\u00bbon|phone\u00bb locked=\u00bboff\u00bb global_colors_info=\u00bb{}\u00bb]<\/p>\n<h3>Resoluci\u00f3n de litigios:<\/h3>\n<p>[\/et_pb_text][et_pb_text _builder_version=\u00bb4.27.0&#8243; _module_preset=\u00bbdefault\u00bb text_font=\u00bbFigtree-Regular||||||||\u00bb text_text_color=\u00bb#D9DBE7&#8243; text_font_size=\u00bb22px\u00bb text_line_height=\u00bb1.4em\u00bb link_text_color=\u00bb#C8A032&#8243; custom_margin=\u00bb||||false|false\u00bb custom_margin_tablet=\u00bb||5vw||false|false\u00bb custom_margin_phone=\u00bb||||false|false\u00bb custom_margin_last_edited=\u00bbon|phone\u00bb text_font_size_tablet=\u00bb22px\u00bb text_font_size_phone=\u00bb18px\u00bb text_font_size_last_edited=\u00bbon|phone\u00bb locked=\u00bboff\u00bb global_colors_info=\u00bb{}\u00bb]La Comisi\u00f3n Europea ofrece una plataforma para la resoluci\u00f3n de litigios en l\u00ednea (OS): <a href=\"\/\/ec.europa.eu\/consumers\/odr\u00bb\" target=\"\u00ab_blank\u00bb\" rel=\"\u00abnoopener noopener\" nofollow>https:\/\/ec.europa.eu\/consumers\/odr<\/a>.<\/p>\n<p>Puede encontrar mi direcci\u00f3n de correo electr\u00f3nico en el aviso legal anterior.<\/p>\n<p>No estoy dispuesto ni obligado a participar en un procedimiento de resoluci\u00f3n de litigios ante una junta arbitral de consumo.[\/et_pb_text][et_pb_text _builder_version=\u00bb4.27.0&#8243; _module_preset=\u00bbdefault\u00bb header_3_font=\u00bbFigtree-Medium|500|||||||\u00bb header_3_text_color=\u00bb#C8A032&#8243; header_3_font_size=\u00bb24px\u00bb custom_padding=\u00bb||||false|false\u00bb header_3_font_size_tablet=\u00bb24px\u00bb header_3_font_size_phone=\u00bb20px\u00bb header_3_font_size_last_edited=\u00bbon|phone\u00bb locked=\u00bboff\u00bb global_colors_info=\u00bb{}\u00bb]<\/p>\n<h3>Responsabilidad por los contenidos:<\/h3>\n<p>[\/et_pb_text][et_pb_text _builder_version=\u00bb4.27.0&#8243; _module_preset=\u00bbdefault\u00bb text_font=\u00bbFigtree-Regular||||||||\u00bb text_text_color=\u00bb#D9DBE7&#8243; text_font_size=\u00bb22px\u00bb text_line_height=\u00bb1.4em\u00bb custom_margin=\u00bb||||false|false\u00bb custom_margin_tablet=\u00bb||5vw||false|false\u00bb custom_margin_phone=\u00bb||||false|false\u00bb custom_margin_last_edited=\u00bbon|phone\u00bb text_font_size_tablet=\u00bb22px\u00bb text_font_size_phone=\u00bb18px\u00bb text_font_size_last_edited=\u00bbon|phone\u00bb locked=\u00bboff\u00bb global_colors_info=\u00bb{}\u00bb]Como proveedor de servicios, soy responsable de mis propios contenidos en estas p\u00e1ginas de acuerdo con el \u00a7 7 p\u00e1rrafo 1 TMG (Ley alemana de Telemedia) y las leyes generales. Sin embargo, seg\u00fan los \u00a7\u00a7 8 a 10 de la TMG, como proveedor de servicios no estoy obligado a controlar la informaci\u00f3n ajena transmitida o almacenada ni a investigar circunstancias que indiquen una actividad ilegal.<\/p>\n<p>Esto no afecta a las obligaciones de eliminar o bloquear el uso de informaci\u00f3n de conformidad con la legislaci\u00f3n general. Sin embargo, la responsabilidad a este respecto s\u00f3lo es posible a partir del momento en que se tiene conocimiento de una infracci\u00f3n concreta. En cuanto tengamos conocimiento de tales infracciones, eliminaremos inmediatamente estos contenidos.[\/et_pb_text][et_pb_text _builder_version=\u00bb4.27.0&#8243; _module_preset=\u00bbdefault\u00bb header_3_font=\u00bbFigtree-Medium|500|||||||\u00bb header_3_text_color=\u00bb#C8A032&#8243; header_3_font_size=\u00bb24px\u00bb custom_padding=\u00bb||||false|false\u00bb header_3_font_size_tablet=\u00bb24px\u00bb header_3_font_size_phone=\u00bb20px\u00bb header_3_font_size_last_edited=\u00bbon|phone\u00bb locked=\u00bboff\u00bb global_colors_info=\u00bb{}\u00bb]<\/p>\n<h3>Responsabilidad de los enlaces:<\/h3>\n<p>[\/et_pb_text][et_pb_text _builder_version=\u00bb4.27.0&#8243; _module_preset=\u00bbdefault\u00bb text_font=\u00bbFigtree-Regular||||||||\u00bb text_text_color=\u00bb#D9DBE7&#8243; text_font_size=\u00bb22px\u00bb text_line_height=\u00bb1.4em\u00bb custom_margin=\u00bb||||false|false\u00bb custom_margin_tablet=\u00bb||5vw||false|false\u00bb custom_margin_phone=\u00bb||||false|false\u00bb custom_margin_last_edited=\u00bbon|phone\u00bb text_font_size_tablet=\u00bb22px\u00bb text_font_size_phone=\u00bb18px\u00bb text_font_size_last_edited=\u00bbon|phone\u00bb locked=\u00bboff\u00bb global_colors_info=\u00bb{}\u00bb]Mi sitio web contiene enlaces a sitios web externos de terceros sobre cuyo contenido no tengo ninguna influencia. Por lo tanto, no puedo asumir ninguna responsabilidad por estos contenidos ajenos. El respectivo proveedor u operador de las p\u00e1ginas es siempre responsable del contenido de las p\u00e1ginas enlazadas. Las p\u00e1ginas enlazadas fueron revisadas en el momento de la vinculaci\u00f3n para detectar posibles infracciones legales. En el momento de establecer el enlace no se detectaron contenidos ilegales.<\/p>\n<p>Sin embargo, no es razonable un control permanente del contenido de las p\u00e1ginas enlazadas sin pruebas concretas de una infracci\u00f3n. Si tenemos conocimiento de alguna infracci\u00f3n legal, eliminaremos dichos enlaces inmediatamente.[\/et_pb_text][et_pb_text _builder_version=\u00bb4.27.0&#8243; _module_preset=\u00bbdefault\u00bb header_3_font=\u00bbFigtree-Medium|500|||||||\u00bb header_3_text_color=\u00bb#C8A032&#8243; header_3_font_size=\u00bb24px\u00bb custom_padding=\u00bb||||false|false\u00bb header_3_font_size_tablet=\u00bb24px\u00bb header_3_font_size_phone=\u00bb20px\u00bb header_3_font_size_last_edited=\u00bbon|phone\u00bb locked=\u00bboff\u00bb global_colors_info=\u00bb{}\u00bb]<\/p>\n<h3>Derechos de autor:<\/h3>\n<p>[\/et_pb_text][et_pb_text _builder_version=\u00bb4.27.0&#8243; _module_preset=\u00bbdefault\u00bb text_font=\u00bbFigtree-Regular||||||||\u00bb text_text_color=\u00bb#D9DBE7&#8243; text_font_size=\u00bb22px\u00bb text_line_height=\u00bb1.4em\u00bb custom_margin=\u00bb||||false|false\u00bb custom_margin_tablet=\u00bb||5vw||false|false\u00bb custom_margin_phone=\u00bb||||false|false\u00bb custom_margin_last_edited=\u00bbon|phone\u00bb text_font_size_tablet=\u00bb22px\u00bb text_font_size_phone=\u00bb18px\u00bb text_font_size_last_edited=\u00bbon|phone\u00bb locked=\u00bboff\u00bb global_colors_info=\u00bb{}\u00bb]Los contenidos y obras creados por los operadores de estas p\u00e1ginas est\u00e1n sujetos a la legislaci\u00f3n alemana sobre derechos de autor. La reproducci\u00f3n, el procesamiento, la distribuci\u00f3n y cualquier tipo de utilizaci\u00f3n fuera de los l\u00edmites de la ley de derechos de autor requieren el consentimiento por escrito del respectivo autor o creador. Las descargas y copias de este sitio s\u00f3lo est\u00e1n permitidas para uso privado y no comercial.<\/p>\n<p>En la medida en que el contenido de este sitio no haya sido creado por el operador, se respetan los derechos de autor de terceros. En particular, los contenidos de terceros est\u00e1n etiquetados como tales. No obstante, si tiene conocimiento de una infracci\u00f3n de los derechos de autor, le rogamos que nos lo comunique. Si tenemos conocimiento de alguna infracci\u00f3n, eliminaremos inmediatamente dicho contenido.[\/et_pb_text][et_pb_text _builder_version=\u00bb4.27.0&#8243; _module_preset=\u00bbdefault\u00bb header_3_font=\u00bbFigtree-Medium|500|||||||\u00bb header_3_text_color=\u00bb#C8A032&#8243; header_3_font_size=\u00bb24px\u00bb custom_padding=\u00bb||||false|false\u00bb header_3_font_size_tablet=\u00bb24px\u00bb header_3_font_size_phone=\u00bb20px\u00bb header_3_font_size_last_edited=\u00bbon|phone\u00bb locked=\u00bboff\u00bb global_colors_info=\u00bb{}\u00bb]<\/p>\n<h3>Fuentes de im\u00e1genes:<\/h3>\n<p>[\/et_pb_text][et_pb_text _builder_version=\u00bb4.27.0&#8243; _module_preset=\u00bbdefault\u00bb text_font=\u00bbFigtree-Regular||||||||\u00bb text_text_color=\u00bb#D9DBE7&#8243; text_font_size=\u00bb22px\u00bb text_line_height=\u00bb1.4em\u00bb link_text_color=\u00bb#C8A032&#8243; custom_margin=\u00bb||||false|false\u00bb custom_margin_tablet=\u00bb||5vw||false|false\u00bb custom_margin_phone=\u00bb||||false|false\u00bb custom_margin_last_edited=\u00bbon|phone\u00bb text_font_size_tablet=\u00bb22px\u00bb text_font_size_phone=\u00bb18px\u00bb text_font_size_last_edited=\u00bbon|phone\u00bb locked=\u00bboff\u00bb global_colors_info=\u00bb{}\u00bb]Imagen de fondo con reloj y traje \u00a9 Foto de <a href=\u00abhttps:\/\/unsplash.com\/photos\/qnU-UR0o5X8?utm_source=unsplash&amp;utm_medium=referral&amp;utm_content=creditCopyText\u00bb>Jeremy Beadle<\/a> en <a href=\u00abhttps:\/\/unsplash.com\/search\/photos\/watch?utm_source=unsplash&amp;utm_medium=referral&amp;utm_content=creditCopyText\u00bb>Unsplash<\/a>.[\/et_pb_text][\/et_pb_column][\/et_pb_row][\/et_pb_section]<\/p>\n","protected":false},"excerpt":{"rendered":"<p>Pie de imprentaInformaci\u00f3n seg\u00fan \u00a7 5 TMG:WERTVOLLMichael AlbrechtLeisewitzstra\u00dfe 1038114 BraunschweigRepresentado por:Michael AlbrechtP\u00f3ngase en contacto con nosotros:Tel\u00e9fono: 0179 \/ 3 45 54 85 Correo electr\u00f3nico: m.albrecht@exklusive-fahrzeuge.comResponsable del contenido seg\u00fan \u00a7 55 Abs. 2 RStV:WERTVOLLMichael AlbrechtLeisewitzstra\u00dfe 1038114 BraunschweigN\u00famero de identificaci\u00f3n fiscal:DE327185240Resoluci\u00f3n de litigios:La Comisi\u00f3n Europea ofrece una plataforma para la resoluci\u00f3n de litigios en l\u00ednea (OS): https:\/\/ec.europa.eu\/consumers\/odr. [&hellip;]<\/p>\n","protected":false},"author":2,"featured_media":0,"parent":0,"menu_order":0,"comment_status":"closed","ping_status":"closed","template":"","meta":{"_et_pb_use_builder":"on","_et_pb_old_content":"","_et_gb_content_width":"","footnotes":""},"class_list":["post-6556","page","type-page","status-publish","hentry"],"yoast_head":"<!-- This site is optimized with the Yoast SEO plugin v27.0 - https:\/\/yoast.com\/product\/yoast-seo-wordpress\/ -->\n<title>Pie de imprenta - Michael Albrecht - Exklusive Fahrzeugvermittlung<\/title>\n<meta name=\"robots\" content=\"index, follow, max-snippet:-1, max-image-preview:large, max-video-preview:-1\" \/>\n<link rel=\"canonical\" href=\"https:\/\/exklusive-fahrzeuge.com\/es\/pie-de-imprenta\" \/>\n<meta property=\"og:locale\" content=\"es_ES\" \/>\n<meta property=\"og:type\" content=\"article\" \/>\n<meta property=\"og:title\" content=\"Pie de imprenta - Michael Albrecht - Exklusive Fahrzeugvermittlung\" \/>\n<meta property=\"og:description\" content=\"Pie de imprentaInformaci\u00f3n seg\u00fan \u00a7 5 TMG:WERTVOLLMichael AlbrechtLeisewitzstra\u00dfe 1038114 BraunschweigRepresentado por:Michael AlbrechtP\u00f3ngase en contacto con nosotros:Tel\u00e9fono: 0179 \/ 3 45 54 85 Correo electr\u00f3nico: m.albrecht@exklusive-fahrzeuge.comResponsable del contenido seg\u00fan \u00a7 55 Abs. 2 RStV:WERTVOLLMichael AlbrechtLeisewitzstra\u00dfe 1038114 BraunschweigN\u00famero de identificaci\u00f3n fiscal:DE327185240Resoluci\u00f3n de litigios:La Comisi\u00f3n Europea ofrece una plataforma para la resoluci\u00f3n de litigios en l\u00ednea (OS): https:\/\/ec.europa.eu\/consumers\/odr. [&hellip;]\" \/>\n<meta property=\"og:url\" content=\"https:\/\/exklusive-fahrzeuge.com\/es\/pie-de-imprenta\" \/>\n<meta property=\"og:site_name\" content=\"Michael Albrecht - Exklusive Fahrzeugvermittlung\" \/>\n<meta property=\"article:modified_time\" content=\"2025-02-12T21:47:20+00:00\" \/>\n<meta name=\"twitter:card\" content=\"summary_large_image\" \/>\n<script type=\"application\/ld+json\" class=\"yoast-schema-graph\">{\"@context\":\"https:\/\/schema.org\",\"@graph\":[{\"@type\":\"WebPage\",\"@id\":\"https:\/\/exklusive-fahrzeuge.com\/es\/pie-de-imprenta\",\"url\":\"https:\/\/exklusive-fahrzeuge.com\/es\/pie-de-imprenta\",\"name\":\"Pie de imprenta - Michael Albrecht - Exklusive Fahrzeugvermittlung\",\"isPartOf\":{\"@id\":\"https:\/\/exklusive-fahrzeuge.com\/es#website\"},\"datePublished\":\"2016-10-30T10:35:34+00:00\",\"dateModified\":\"2025-02-12T21:47:20+00:00\",\"breadcrumb\":{\"@id\":\"https:\/\/exklusive-fahrzeuge.com\/es\/pie-de-imprenta#breadcrumb\"},\"inLanguage\":\"es\",\"potentialAction\":[{\"@type\":\"ReadAction\",\"target\":[\"https:\/\/exklusive-fahrzeuge.com\/es\/pie-de-imprenta\"]}]},{\"@type\":\"BreadcrumbList\",\"@id\":\"https:\/\/exklusive-fahrzeuge.com\/es\/pie-de-imprenta#breadcrumb\",\"itemListElement\":[{\"@type\":\"ListItem\",\"position\":1,\"name\":\"Startseite\",\"item\":\"https:\/\/exklusive-fahrzeuge.com\/es\"},{\"@type\":\"ListItem\",\"position\":2,\"name\":\"Pie de imprenta\"}]},{\"@type\":\"WebSite\",\"@id\":\"https:\/\/exklusive-fahrzeuge.com\/es#website\",\"url\":\"https:\/\/exklusive-fahrzeuge.com\/es\",\"name\":\"Michael Albrecht - Exklusive Fahrzeugvermittlung\",\"description\":\"Ankauf und Verkauf nach Ihren W\u00fcnschen\",\"publisher\":{\"@id\":\"https:\/\/exklusive-fahrzeuge.com\/es#\/schema\/person\/132a2f769303fbe459a2d1947157c57b\"},\"potentialAction\":[{\"@type\":\"SearchAction\",\"target\":{\"@type\":\"EntryPoint\",\"urlTemplate\":\"https:\/\/exklusive-fahrzeuge.com\/es?s={search_term_string}\"},\"query-input\":{\"@type\":\"PropertyValueSpecification\",\"valueRequired\":true,\"valueName\":\"search_term_string\"}}],\"inLanguage\":\"es\"},{\"@type\":[\"Person\",\"Organization\"],\"@id\":\"https:\/\/exklusive-fahrzeuge.com\/es#\/schema\/person\/132a2f769303fbe459a2d1947157c57b\",\"name\":\"Michael Albrecht\",\"image\":{\"@type\":\"ImageObject\",\"inLanguage\":\"es\",\"@id\":\"https:\/\/exklusive-fahrzeuge.com\/es#\/schema\/person\/image\/\",\"url\":\"https:\/\/exklusive-fahrzeuge.com\/wp-content\/uploads\/2019\/04\/favicon-114.png\",\"contentUrl\":\"https:\/\/exklusive-fahrzeuge.com\/wp-content\/uploads\/2019\/04\/favicon-114.png\",\"width\":114,\"height\":114,\"caption\":\"Michael Albrecht\"},\"logo\":{\"@id\":\"https:\/\/exklusive-fahrzeuge.com\/es#\/schema\/person\/image\/\"},\"sameAs\":[\"https:\/\/exklusive-fahrzeuge.com\"]}]}<\/script>\n<!-- \/ Yoast SEO plugin. -->","yoast_head_json":{"title":"Pie de imprenta - Michael Albrecht - Exklusive Fahrzeugvermittlung","robots":{"index":"index","follow":"follow","max-snippet":"max-snippet:-1","max-image-preview":"max-image-preview:large","max-video-preview":"max-video-preview:-1"},"canonical":"https:\/\/exklusive-fahrzeuge.com\/es\/pie-de-imprenta","og_locale":"es_ES","og_type":"article","og_title":"Pie de imprenta - Michael Albrecht - Exklusive Fahrzeugvermittlung","og_description":"Pie de imprentaInformaci\u00f3n seg\u00fan \u00a7 5 TMG:WERTVOLLMichael AlbrechtLeisewitzstra\u00dfe 1038114 BraunschweigRepresentado por:Michael AlbrechtP\u00f3ngase en contacto con nosotros:Tel\u00e9fono: 0179 \/ 3 45 54 85 Correo electr\u00f3nico: m.albrecht@exklusive-fahrzeuge.comResponsable del contenido seg\u00fan \u00a7 55 Abs. 2 RStV:WERTVOLLMichael AlbrechtLeisewitzstra\u00dfe 1038114 BraunschweigN\u00famero de identificaci\u00f3n fiscal:DE327185240Resoluci\u00f3n de litigios:La Comisi\u00f3n Europea ofrece una plataforma para la resoluci\u00f3n de litigios en l\u00ednea (OS): https:\/\/ec.europa.eu\/consumers\/odr. [&hellip;]","og_url":"https:\/\/exklusive-fahrzeuge.com\/es\/pie-de-imprenta","og_site_name":"Michael Albrecht - Exklusive Fahrzeugvermittlung","article_modified_time":"2025-02-12T21:47:20+00:00","twitter_card":"summary_large_image","schema":{"@context":"https:\/\/schema.org","@graph":[{"@type":"WebPage","@id":"https:\/\/exklusive-fahrzeuge.com\/es\/pie-de-imprenta","url":"https:\/\/exklusive-fahrzeuge.com\/es\/pie-de-imprenta","name":"Pie de imprenta - Michael Albrecht - Exklusive Fahrzeugvermittlung","isPartOf":{"@id":"https:\/\/exklusive-fahrzeuge.com\/es#website"},"datePublished":"2016-10-30T10:35:34+00:00","dateModified":"2025-02-12T21:47:20+00:00","breadcrumb":{"@id":"https:\/\/exklusive-fahrzeuge.com\/es\/pie-de-imprenta#breadcrumb"},"inLanguage":"es","potentialAction":[{"@type":"ReadAction","target":["https:\/\/exklusive-fahrzeuge.com\/es\/pie-de-imprenta"]}]},{"@type":"BreadcrumbList","@id":"https:\/\/exklusive-fahrzeuge.com\/es\/pie-de-imprenta#breadcrumb","itemListElement":[{"@type":"ListItem","position":1,"name":"Startseite","item":"https:\/\/exklusive-fahrzeuge.com\/es"},{"@type":"ListItem","position":2,"name":"Pie de imprenta"}]},{"@type":"WebSite","@id":"https:\/\/exklusive-fahrzeuge.com\/es#website","url":"https:\/\/exklusive-fahrzeuge.com\/es","name":"Michael Albrecht - Exklusive Fahrzeugvermittlung","description":"Ankauf und Verkauf nach Ihren W\u00fcnschen","publisher":{"@id":"https:\/\/exklusive-fahrzeuge.com\/es#\/schema\/person\/132a2f769303fbe459a2d1947157c57b"},"potentialAction":[{"@type":"SearchAction","target":{"@type":"EntryPoint","urlTemplate":"https:\/\/exklusive-fahrzeuge.com\/es?s={search_term_string}"},"query-input":{"@type":"PropertyValueSpecification","valueRequired":true,"valueName":"search_term_string"}}],"inLanguage":"es"},{"@type":["Person","Organization"],"@id":"https:\/\/exklusive-fahrzeuge.com\/es#\/schema\/person\/132a2f769303fbe459a2d1947157c57b","name":"Michael Albrecht","image":{"@type":"ImageObject","inLanguage":"es","@id":"https:\/\/exklusive-fahrzeuge.com\/es#\/schema\/person\/image\/","url":"https:\/\/exklusive-fahrzeuge.com\/wp-content\/uploads\/2019\/04\/favicon-114.png","contentUrl":"https:\/\/exklusive-fahrzeuge.com\/wp-content\/uploads\/2019\/04\/favicon-114.png","width":114,"height":114,"caption":"Michael Albrecht"},"logo":{"@id":"https:\/\/exklusive-fahrzeuge.com\/es#\/schema\/person\/image\/"},"sameAs":["https:\/\/exklusive-fahrzeuge.com"]}]}},"_links":{"self":[{"href":"https:\/\/exklusive-fahrzeuge.com\/es\/wp-json\/wp\/v2\/pages\/6556","targetHints":{"allow":["GET"]}}],"collection":[{"href":"https:\/\/exklusive-fahrzeuge.com\/es\/wp-json\/wp\/v2\/pages"}],"about":[{"href":"https:\/\/exklusive-fahrzeuge.com\/es\/wp-json\/wp\/v2\/types\/page"}],"author":[{"embeddable":true,"href":"https:\/\/exklusive-fahrzeuge.com\/es\/wp-json\/wp\/v2\/users\/2"}],"replies":[{"embeddable":true,"href":"https:\/\/exklusive-fahrzeuge.com\/es\/wp-json\/wp\/v2\/comments?post=6556"}],"version-history":[{"count":9,"href":"https:\/\/exklusive-fahrzeuge.com\/es\/wp-json\/wp\/v2\/pages\/6556\/revisions"}],"predecessor-version":[{"id":7203,"href":"https:\/\/exklusive-fahrzeuge.com\/es\/wp-json\/wp\/v2\/pages\/6556\/revisions\/7203"}],"wp:attachment":[{"href":"https:\/\/exklusive-fahrzeuge.com\/es\/wp-json\/wp\/v2\/media?parent=6556"}],"curies":[{"name":"wp","href":"https:\/\/api.w.org\/{rel}","templated":true}]}}